{"id":97,"date":"2015-03-06T18:50:27","date_gmt":"2015-03-06T17:50:27","guid":{"rendered":"http:\/\/localhost:8888\/?product=vermouth-rouge-dolin"},"modified":"2024-08-29T09:09:03","modified_gmt":"2024-08-29T08:09:03","slug":"vermouth-rouge-dolin","status":"publish","type":"product","link":"https:\/\/vintagespiritgarage.fr\/?product=vermouth-rouge-dolin","title":{"rendered":"Dolin Vermouth Rouge"},"content":{"rendered":"<p>En 1815, Joseph Chavasse, titulaire du dipl\u00f4me de liquoriste distillateur, cr\u00e9\u00e9 une liquoristerie distillerie sur\u00a0<span style=\"line-height: 1.5;\">la commune Les \u00c9chelles\u00a0<\/span><span style=\"line-height: 1.5;\">en Savoie. <\/span><\/p>\n<p><span style=\"line-height: 1.5;\">Il d\u00e9bute par l\u2019\u00e9laboration de liqueurs. Six ans plus tard, en 1821, il est l\u2019inventeur d\u2019une nouvelle recette de vermouth. En 1843, Marie Rosalie Chavasse \u00e9pouse Louis-Ferdinand Dolin qui devient vermoutier. Aid\u00e9 financi\u00e8rement par son oncle, un r\u00e9v\u00e9rend, Louis-Ferdinand s\u2019installe \u00e0 Chamb\u00e9ry sur les rives de la Leysse en vue d\u2019y ouvrir une nouvelle vermouterie. L\u2019entreprise prend d\u00e8s lors le nom de Dolin. <\/span><\/p>\n<p><span style=\"line-height: 1.5;\">En 1919, l\u2019entreprise est achet\u00e9e par Joseph et Charles Sevez. Ces commer\u00e7ants chamb\u00e9riens\u00a0<\/span>dans l\u2019agroalimentaire\u00a0<span style=\"line-height: 1.5;\">et les \u00e9pices conservent le nom de la soci\u00e9t\u00e9 et perp\u00e9tuent le savoir-faire acquis au sein de la vermouterie.<\/span><\/p>\n","protected":false},"excerpt":{"rendered":"<p><strong>Couleur<\/strong> :\u00a0Brillante, ambr\u00e9e, avec des reflets de cuivres.<\/p>\n<p><strong>Nez<\/strong> :\u00a0Tr\u00e8s doux de fruits compot\u00e9s, de pruneau et de noix avec une petite note herbac\u00e9e temp\u00e9r\u00e9e par les aromes \u00e9pic\u00e9s de la cannelle et du poivre de SeTchouan.<\/p>\n<p><strong>Palais<\/strong> :\u00a0Impressions complexes avec des ar\u00f4mes d\u2019amande et de noyau, d\u2019agrumes, de poire et de cannelle avec des notes de pain d\u2019\u00e9pices et de tabac, d\u2019origan et d\u2019hysope.<\/p>\n<p><strong>Finale<\/strong> : Bouquet tr\u00e8s riche, tenue par une subtile base d\u2019amertume.<\/p>\n","protected":false},"featured_media":926,"comment_status":"open","ping_status":"closed","template":"","meta":[],"product_cat":[22],"product_tag":[],"_links":{"self":[{"href":"https:\/\/vintagespiritgarage.fr\/index.php?rest_route=\/wp\/v2\/product\/97"}],"collection":[{"href":"https:\/\/vintagespiritgarage.fr\/index.php?rest_route=\/wp\/v2\/product"}],"about":[{"href":"https:\/\/vintagespiritgarage.fr\/index.php?rest_route=\/wp\/v2\/types\/product"}],"replies":[{"embeddable":true,"href":"https:\/\/vintagespiritgarage.fr\/index.php?rest_route=%2Fwp%2Fv2%2Fcomments&post=97"}],"wp:featuredmedia":[{"embeddable":true,"href":"https:\/\/vintagespiritgarage.fr\/index.php?rest_route=\/wp\/v2\/media\/926"}],"wp:attachment":[{"href":"https:\/\/vintagespiritgarage.fr\/index.php?rest_route=%2Fwp%2Fv2%2Fmedia&parent=97"}],"wp:term":[{"taxonomy":"product_cat","embeddable":true,"href":"https:\/\/vintagespiritgarage.fr\/index.php?rest_route=%2Fwp%2Fv2%2Fproduct_cat&post=97"},{"taxonomy":"product_tag","embeddable":true,"href":"https:\/\/vintagespiritgarage.fr\/index.php?rest_route=%2Fwp%2Fv2%2Fproduct_tag&post=97"}],"curies":[{"name":"wp","href":"https:\/\/api.w.org\/{rel}","templated":true}]}}