{"id":978,"date":"2025-08-19T07:24:00","date_gmt":"2025-08-19T06:24:00","guid":{"rendered":"https:\/\/vintagespiritgarage.fr\/?post_type=product&#038;p=978"},"modified":"2025-08-19T07:33:50","modified_gmt":"2025-08-19T06:33:50","slug":"j-gasco-fior-di-sambuco","status":"publish","type":"product","link":"https:\/\/vintagespiritgarage.fr\/?product=j-gasco-fior-di-sambuco","title":{"rendered":"J.Gasco &#8211; Fior di Sambuco"},"content":{"rendered":"<div class=\"page\" title=\"Page 86\">\n<div class=\"layoutArea\">\n<div class=\"column\">\n<p>ORIGINE : Italie<\/p>\n<p>20 cl<\/p>\n<p><strong>SAVEURS ITALIENNES BIEN CARROSS\u00c9ES<\/strong><\/p>\n<p>N\u00e9e dans l\u2019Am\u00e9rique du d\u00e9but du XXe si\u00e8cle, en plein Prohibition, l\u2019aventure J.GASCO d\u00e9marre avec Joseph Gasco, jeune Italien visionnaire install\u00e9 \u00e0 New York. Constatant la mauvaise qualit\u00e9 des alcools clandestins, il cr\u00e9e une gamme de sodas inspir\u00e9s des recettes de son p\u00e8re pharmacien, pens\u00e9s pour sublimer les cocktails.<br data-start=\"426\" data-end=\"429\" \/>De ses d\u00e9buts dans les speakeasies jusqu\u2019\u00e0 aujourd\u2019hui, J.GASCO reste fid\u00e8le \u00e0 cette id\u00e9e fondatrice : des mixers naturels, de caract\u00e8re, \u00e9labor\u00e9s avec des ingr\u00e9dients de qualit\u00e9, parfaits seuls ou associ\u00e9s aux spiritueux.<\/p>\n<\/div>\n<\/div>\n<\/div>\n","protected":false},"excerpt":{"rendered":"<p><span class=\"s1\"><span dir=\"auto\">Le Fior di Sambuco de J.Gasco est une boisson gazeuse \u00e0 la fleur de sureau<\/span><\/span><span dir=\"auto\"> revisit\u00e9e pour la mixologie. Son parfum floral se marie \u00e0 merveille avec la saveur fra\u00eeche et raffin\u00e9e de la menthe et du citron vert. Excellent avec du <a href=\"https:\/\/vintagespiritgarage.fr\/?product=prosecco-extra-dry-filipetti\">Prosecco<\/a> ou m\u00e9lang\u00e9 \u00e0 de la <a href=\"https:\/\/vintagespiritgarage.fr\/?product_cat=vodka\">vodka<\/a>.\u00a0<\/span><\/p>\n","protected":false},"featured_media":979,"comment_status":"open","ping_status":"closed","template":"","meta":[],"product_cat":[26],"product_tag":[],"_links":{"self":[{"href":"https:\/\/vintagespiritgarage.fr\/index.php?rest_route=\/wp\/v2\/product\/978"}],"collection":[{"href":"https:\/\/vintagespiritgarage.fr\/index.php?rest_route=\/wp\/v2\/product"}],"about":[{"href":"https:\/\/vintagespiritgarage.fr\/index.php?rest_route=\/wp\/v2\/types\/product"}],"replies":[{"embeddable":true,"href":"https:\/\/vintagespiritgarage.fr\/index.php?rest_route=%2Fwp%2Fv2%2Fcomments&post=978"}],"wp:featuredmedia":[{"embeddable":true,"href":"https:\/\/vintagespiritgarage.fr\/index.php?rest_route=\/wp\/v2\/media\/979"}],"wp:attachment":[{"href":"https:\/\/vintagespiritgarage.fr\/index.php?rest_route=%2Fwp%2Fv2%2Fmedia&parent=978"}],"wp:term":[{"taxonomy":"product_cat","embeddable":true,"href":"https:\/\/vintagespiritgarage.fr\/index.php?rest_route=%2Fwp%2Fv2%2Fproduct_cat&post=978"},{"taxonomy":"product_tag","embeddable":true,"href":"https:\/\/vintagespiritgarage.fr\/index.php?rest_route=%2Fwp%2Fv2%2Fproduct_tag&post=978"}],"curies":[{"name":"wp","href":"https:\/\/api.w.org\/{rel}","templated":true}]}}